{"id":67504,"date":"2022-10-05T23:40:01","date_gmt":"2022-10-06T04:40:01","guid":{"rendered":"https:\/\/www.liveintheus.com\/visados-temporales-y-temas-de-admisibilidad-en-los-estados-unidos\/"},"modified":"2023-12-17T19:44:01","modified_gmt":"2023-12-18T01:44:01","slug":"visados-temporales-y-temas-de-admisibilidad-en-los-estados-unidos","status":"publish","type":"page","link":"https:\/\/www.liveintheus.com\/es\/visados-temporales-y-temas-de-admisibilidad-en-los-estados-unidos\/","title":{"rendered":"Visados Temporales y Temas de Admisibilidad en los Estados Unidos"},"content":{"rendered":"<h1><span style=\"font-weight: 400;\">Visados Temporales y Temas de Admisibilidad en los Estados Unidos<\/span><\/h1>\n<p><img decoding=\"async\" src=\"https:\/\/www.liveintheus.com\/wp-content\/uploads\/2023\/12\/Visados-Temporales.jpg\" alt=\"visados-temporales\" \/> Si est\u00e1s planeando un viaje temporal a los Estados Unidos ya sea por turismo o por actividades relacionadas con negocios, como asistir a conferencias, negociaciones o cursos cortos, probablemente necesitar\u00e1s un visado B1\/B2. Sin embargo, ciudadanos de ciertos pa\u00edses pueden realizar viajes temporales por placer o negocios sin necesidad de un visado a trav\u00e9s del Programa de Exenci\u00f3n de Visados (Visa Waiver Program) o el ESTA (Sistema Electr\u00f3nico de Autorizaci\u00f3n de Viaje). Si tu intenci\u00f3n es estudiar temporalmente en Estados Unidos, ser\u00e1 necesario obtener un visado de estudiante antes de iniciar el programa educativo. En LIVEINTHEUS, hemos ayudado a muchas personas a obtener la documentaci\u00f3n necesaria para viajar legalmente a EE. UU., ya sea para estudiar o para turismo. Adem\u00e1s, si te encuentras en EE. UU. con un visado de no inmigrante y necesitas extender o cambiar tu estatus legal, podemos asesorarte a trav\u00e9s de este proceso delicado para garantizar que mantengas un estatus legal satisfactorio. Para aquellos que han tenido problemas con la ley de inmigraci\u00f3n, como permanecer en el pa\u00eds despu\u00e9s de que expire su visado, trabajar sin autorizaci\u00f3n o haber sido condenados por un delito, necesitar\u00e1n una exenci\u00f3n para volver al pa\u00eds de manera legal. En LIVEINTHEUS hemos logrado exitosamente obtener estas exenciones para aquellos que han tenido dificultades previas con la ley de inmigraci\u00f3n y desean visitar o residir en los Estados Unidos.<\/p>\n","protected":false},"excerpt":{"rendered":"<p>Visados Temporales y Temas de Admisibilidad en los Estados Unidos Si est\u00e1s planeando un viaje temporal a los Estados Unidos ya sea por turismo o por actividades relacionadas con negocios, como asistir a conferencias, negociaciones o cursos cortos, probablemente necesitar\u00e1s un visado B1\/B2. Sin embargo, ciudadanos de ciertos pa\u00edses pueden realizar viajes temporales por placer [&hellip;]<\/p>\n","protected":false},"author":50,"featured_media":0,"parent":0,"menu_order":0,"comment_status":"closed","ping_status":"closed","template":"","meta":{"_seopress_robots_primary_cat":"","_et_pb_use_builder":"","_et_pb_old_content":"","_et_gb_content_width":"","footnotes":""},"class_list":["post-67504","page","type-page","status-publish","hentry"],"_links":{"self":[{"href":"https:\/\/www.liveintheus.com\/es\/wp-json\/wp\/v2\/pages\/67504","targetHints":{"allow":["GET"]}}],"collection":[{"href":"https:\/\/www.liveintheus.com\/es\/wp-json\/wp\/v2\/pages"}],"about":[{"href":"https:\/\/www.liveintheus.com\/es\/wp-json\/wp\/v2\/types\/page"}],"author":[{"embeddable":true,"href":"https:\/\/www.liveintheus.com\/es\/wp-json\/wp\/v2\/users\/50"}],"replies":[{"embeddable":true,"href":"https:\/\/www.liveintheus.com\/es\/wp-json\/wp\/v2\/comments?post=67504"}],"version-history":[{"count":1,"href":"https:\/\/www.liveintheus.com\/es\/wp-json\/wp\/v2\/pages\/67504\/revisions"}],"predecessor-version":[{"id":67505,"href":"https:\/\/www.liveintheus.com\/es\/wp-json\/wp\/v2\/pages\/67504\/revisions\/67505"}],"wp:attachment":[{"href":"https:\/\/www.liveintheus.com\/es\/wp-json\/wp\/v2\/media?parent=67504"}],"curies":[{"name":"wp","href":"https:\/\/api.w.org\/{rel}","templated":true}]}}